{"id":1009,"date":"2015-06-16T23:42:34","date_gmt":"2015-06-16T23:42:34","guid":{"rendered":"https:\/\/www.practicalteam.com\/?page_id=1009"},"modified":"2023-07-21T10:50:20","modified_gmt":"2023-07-21T10:50:20","slug":"strategic-consulting-strategy-and-business-planning","status":"publish","type":"page","link":"https:\/\/www.practicalteam.com\/en\/strategic-consulting-strategy-and-business-planning\/","title":{"rendered":"Strategic Consulting. Strategy and Business Planning"},"content":{"rendered":"<h1><span style=\"color: #90ba15;\">Strategic Consulting. Strategy and Business Planning<\/span><\/h1>\n<hr \/>\n<p style=\"text-align: justify;\"><a href=\"\/wp-content\/uploads\/2015\/04\/asesoramiento_estrategico_327x217.jpg\"><img loading=\"lazy\" decoding=\"async\" class=\"alignleft wp-image-11 size-medium\" src=\"\/wp-content\/uploads\/2015\/04\/asesoramiento_estrategico_327x217-300x199.jpg\" alt=\"asesoramiento_estrategico_327x217\" width=\"300\" height=\"199\" srcset=\"https:\/\/www.practicalteam.com\/wp-content\/uploads\/2015\/04\/asesoramiento_estrategico_327x217-300x199.jpg 300w, https:\/\/www.practicalteam.com\/wp-content\/uploads\/2015\/04\/asesoramiento_estrategico_327x217.jpg 327w\" sizes=\"auto, (max-width: 300px) 100vw, 300px\" \/><\/a>A company\u2019s strategy is fundamental in achieving business success, as it sets out the guidelines to be carried out in order to fulfil the company\u2019s activity, whether it is related to its product, price, distribution method, type of promotion, its processes or the people that make up the organization.<\/p>\n<p style=\"text-align: justify;\">Practical Team helps companies to achieve a practical approach to their strategy, helping them establish priority goals within their plan, whether it be by initiating a new activity or transforming their usual commercial and business activities.<\/p>\n<p style=\"text-align: justify;\">The strategic plan features points of action required to achieve the target objectives, which must be performed in the context in which the company operates and with the resources available.<\/p>\n<p style=\"text-align: justify;\">In the case of strategic marketing we must identify what our clients\u2019 present and future needs are. Find new niche markets, identify and value the potential target market segments for the business, establish the interests that our company may have in those markets, discover what path to follow when seeking new opportunities, etc. Along with this, a comprehensive feasibility and, an in depth internal company analysis, <strong>Practical Team can assist you in designing an action plan that will help you achieve the desired goals.<\/strong><\/p>\n","protected":false},"excerpt":{"rendered":"<p>Strategic Consulting. Strategy and Business Planning A company\u2019s strategy is fundamental in achieving business success, as it sets out the guidelines to be carried out in order to fulfil the&#8230;<\/p>\n","protected":false},"author":1,"featured_media":11,"parent":0,"menu_order":0,"comment_status":"closed","ping_status":"closed","template":"","meta":{"footnotes":""},"class_list":["post-1009","page","type-page","status-publish","has-post-thumbnail"],"yoast_head":"<!-- This site is optimized with the Yoast SEO plugin v26.9 - https:\/\/yoast.com\/product\/yoast-seo-wordpress\/ -->\n<title>Strategic Consulting. Strategy and Business Planning &#8226; Practical Team<\/title>\n<meta name=\"description\" content=\"Somos especialistas en expansi\u00f3n, crecimiento e internacionalizaci\u00f3n empresarial, apoyando a pymes a expandir sus negocios, trabajando la digitalizaci\u00f3n.\" \/>\n<meta name=\"robots\" content=\"index, follow, max-snippet:-1, max-image-preview:large, max-video-preview:-1\" \/>\n<link rel=\"canonical\" href=\"https:\/\/www.practicalteam.com\/en\/strategic-consulting-strategy-and-business-planning\/\" \/>\n<meta property=\"og:locale\" content=\"en_US\" \/>\n<meta property=\"og:type\" content=\"article\" \/>\n<meta property=\"og:title\" content=\"Strategic Consulting. Strategy and Business Planning &#8226; Practical Team\" \/>\n<meta property=\"og:description\" content=\"Somos especialistas en expansi\u00f3n, crecimiento e internacionalizaci\u00f3n empresarial, apoyando a pymes a expandir sus negocios, trabajando la digitalizaci\u00f3n.\" \/>\n<meta property=\"og:url\" content=\"https:\/\/www.practicalteam.com\/en\/strategic-consulting-strategy-and-business-planning\/\" \/>\n<meta property=\"og:site_name\" content=\"Practical Team\" \/>\n<meta property=\"article:modified_time\" content=\"2023-07-21T10:50:20+00:00\" \/>\n<meta property=\"og:image\" content=\"https:\/\/www.practicalteam.com\/wp-content\/uploads\/2015\/04\/asesoramiento_estrategico_327x217.jpg\" \/>\n\t<meta property=\"og:image:width\" content=\"327\" \/>\n\t<meta property=\"og:image:height\" content=\"217\" \/>\n\t<meta property=\"og:image:type\" content=\"image\/jpeg\" \/>\n<meta name=\"twitter:card\" content=\"summary_large_image\" \/>\n<meta name=\"twitter:label1\" content=\"Est. reading time\" \/>\n\t<meta name=\"twitter:data1\" content=\"2 minutes\" \/>\n<script type=\"application\/ld+json\" class=\"yoast-schema-graph\">{\"@context\":\"https:\/\/schema.org\",\"@graph\":[{\"@type\":\"WebPage\",\"@id\":\"https:\/\/www.practicalteam.com\/en\/strategic-consulting-strategy-and-business-planning\/\",\"url\":\"https:\/\/www.practicalteam.com\/en\/strategic-consulting-strategy-and-business-planning\/\",\"name\":\"Strategic Consulting. Strategy and Business Planning &#8226; Practical Team\",\"isPartOf\":{\"@id\":\"https:\/\/www.practicalteam.com\/#website\"},\"primaryImageOfPage\":{\"@id\":\"https:\/\/www.practicalteam.com\/en\/strategic-consulting-strategy-and-business-planning\/#primaryimage\"},\"image\":{\"@id\":\"https:\/\/www.practicalteam.com\/en\/strategic-consulting-strategy-and-business-planning\/#primaryimage\"},\"thumbnailUrl\":\"https:\/\/www.practicalteam.com\/wp-content\/uploads\/2015\/04\/asesoramiento_estrategico_327x217.jpg\",\"datePublished\":\"2015-06-16T23:42:34+00:00\",\"dateModified\":\"2023-07-21T10:50:20+00:00\",\"description\":\"Somos especialistas en expansi\u00f3n, crecimiento e internacionalizaci\u00f3n empresarial, apoyando a pymes a expandir sus negocios, trabajando la digitalizaci\u00f3n.\",\"breadcrumb\":{\"@id\":\"https:\/\/www.practicalteam.com\/en\/strategic-consulting-strategy-and-business-planning\/#breadcrumb\"},\"inLanguage\":\"en-US\",\"potentialAction\":[{\"@type\":\"ReadAction\",\"target\":[\"https:\/\/www.practicalteam.com\/en\/strategic-consulting-strategy-and-business-planning\/\"]}]},{\"@type\":\"ImageObject\",\"inLanguage\":\"en-US\",\"@id\":\"https:\/\/www.practicalteam.com\/en\/strategic-consulting-strategy-and-business-planning\/#primaryimage\",\"url\":\"https:\/\/www.practicalteam.com\/wp-content\/uploads\/2015\/04\/asesoramiento_estrategico_327x217.jpg\",\"contentUrl\":\"https:\/\/www.practicalteam.com\/wp-content\/uploads\/2015\/04\/asesoramiento_estrategico_327x217.jpg\",\"width\":327,\"height\":217},{\"@type\":\"BreadcrumbList\",\"@id\":\"https:\/\/www.practicalteam.com\/en\/strategic-consulting-strategy-and-business-planning\/#breadcrumb\",\"itemListElement\":[{\"@type\":\"ListItem\",\"position\":1,\"name\":\"Portada\",\"item\":\"https:\/\/www.practicalteam.com\/en\/business-expansion-growth-and-internationalisation\/\"},{\"@type\":\"ListItem\",\"position\":2,\"name\":\"Strategic Consulting. Strategy and Business Planning\"}]},{\"@type\":\"WebSite\",\"@id\":\"https:\/\/www.practicalteam.com\/#website\",\"url\":\"https:\/\/www.practicalteam.com\/\",\"name\":\"Practical Team\",\"description\":\"Expansi\u00f3n, crecimiento e internacionalizaci\u00f3n\",\"publisher\":{\"@id\":\"https:\/\/www.practicalteam.com\/#organization\"},\"potentialAction\":[{\"@type\":\"SearchAction\",\"target\":{\"@type\":\"EntryPoint\",\"urlTemplate\":\"https:\/\/www.practicalteam.com\/?s={search_term_string}\"},\"query-input\":{\"@type\":\"PropertyValueSpecification\",\"valueRequired\":true,\"valueName\":\"search_term_string\"}}],\"inLanguage\":\"en-US\"},{\"@type\":\"Organization\",\"@id\":\"https:\/\/www.practicalteam.com\/#organization\",\"name\":\"Practical Team\",\"url\":\"https:\/\/www.practicalteam.com\/\",\"logo\":{\"@type\":\"ImageObject\",\"inLanguage\":\"en-US\",\"@id\":\"https:\/\/www.practicalteam.com\/#\/schema\/logo\/image\/\",\"url\":\"https:\/\/www.practicalteam.com\/wp-content\/uploads\/2023\/07\/Logo-Practical-Team-1200x518-1.png\",\"contentUrl\":\"https:\/\/www.practicalteam.com\/wp-content\/uploads\/2023\/07\/Logo-Practical-Team-1200x518-1.png\",\"width\":1200,\"height\":518,\"caption\":\"Practical Team\"},\"image\":{\"@id\":\"https:\/\/www.practicalteam.com\/#\/schema\/logo\/image\/\"},\"sameAs\":[\"https:\/\/www.linkedin.com\/company\/practical-team\/\"]}]}<\/script>\n<!-- \/ Yoast SEO plugin. -->","yoast_head_json":{"title":"Strategic Consulting. Strategy and Business Planning &#8226; Practical Team","description":"Somos especialistas en expansi\u00f3n, crecimiento e internacionalizaci\u00f3n empresarial, apoyando a pymes a expandir sus negocios, trabajando la digitalizaci\u00f3n.","robots":{"index":"index","follow":"follow","max-snippet":"max-snippet:-1","max-image-preview":"max-image-preview:large","max-video-preview":"max-video-preview:-1"},"canonical":"https:\/\/www.practicalteam.com\/en\/strategic-consulting-strategy-and-business-planning\/","og_locale":"en_US","og_type":"article","og_title":"Strategic Consulting. Strategy and Business Planning &#8226; Practical Team","og_description":"Somos especialistas en expansi\u00f3n, crecimiento e internacionalizaci\u00f3n empresarial, apoyando a pymes a expandir sus negocios, trabajando la digitalizaci\u00f3n.","og_url":"https:\/\/www.practicalteam.com\/en\/strategic-consulting-strategy-and-business-planning\/","og_site_name":"Practical Team","article_modified_time":"2023-07-21T10:50:20+00:00","og_image":[{"width":327,"height":217,"url":"https:\/\/www.practicalteam.com\/wp-content\/uploads\/2015\/04\/asesoramiento_estrategico_327x217.jpg","type":"image\/jpeg"}],"twitter_card":"summary_large_image","twitter_misc":{"Est. reading time":"2 minutes"},"schema":{"@context":"https:\/\/schema.org","@graph":[{"@type":"WebPage","@id":"https:\/\/www.practicalteam.com\/en\/strategic-consulting-strategy-and-business-planning\/","url":"https:\/\/www.practicalteam.com\/en\/strategic-consulting-strategy-and-business-planning\/","name":"Strategic Consulting. Strategy and Business Planning &#8226; Practical Team","isPartOf":{"@id":"https:\/\/www.practicalteam.com\/#website"},"primaryImageOfPage":{"@id":"https:\/\/www.practicalteam.com\/en\/strategic-consulting-strategy-and-business-planning\/#primaryimage"},"image":{"@id":"https:\/\/www.practicalteam.com\/en\/strategic-consulting-strategy-and-business-planning\/#primaryimage"},"thumbnailUrl":"https:\/\/www.practicalteam.com\/wp-content\/uploads\/2015\/04\/asesoramiento_estrategico_327x217.jpg","datePublished":"2015-06-16T23:42:34+00:00","dateModified":"2023-07-21T10:50:20+00:00","description":"Somos especialistas en expansi\u00f3n, crecimiento e internacionalizaci\u00f3n empresarial, apoyando a pymes a expandir sus negocios, trabajando la digitalizaci\u00f3n.","breadcrumb":{"@id":"https:\/\/www.practicalteam.com\/en\/strategic-consulting-strategy-and-business-planning\/#breadcrumb"},"inLanguage":"en-US","potentialAction":[{"@type":"ReadAction","target":["https:\/\/www.practicalteam.com\/en\/strategic-consulting-strategy-and-business-planning\/"]}]},{"@type":"ImageObject","inLanguage":"en-US","@id":"https:\/\/www.practicalteam.com\/en\/strategic-consulting-strategy-and-business-planning\/#primaryimage","url":"https:\/\/www.practicalteam.com\/wp-content\/uploads\/2015\/04\/asesoramiento_estrategico_327x217.jpg","contentUrl":"https:\/\/www.practicalteam.com\/wp-content\/uploads\/2015\/04\/asesoramiento_estrategico_327x217.jpg","width":327,"height":217},{"@type":"BreadcrumbList","@id":"https:\/\/www.practicalteam.com\/en\/strategic-consulting-strategy-and-business-planning\/#breadcrumb","itemListElement":[{"@type":"ListItem","position":1,"name":"Portada","item":"https:\/\/www.practicalteam.com\/en\/business-expansion-growth-and-internationalisation\/"},{"@type":"ListItem","position":2,"name":"Strategic Consulting. Strategy and Business Planning"}]},{"@type":"WebSite","@id":"https:\/\/www.practicalteam.com\/#website","url":"https:\/\/www.practicalteam.com\/","name":"Practical Team","description":"Expansi\u00f3n, crecimiento e internacionalizaci\u00f3n","publisher":{"@id":"https:\/\/www.practicalteam.com\/#organization"},"potentialAction":[{"@type":"SearchAction","target":{"@type":"EntryPoint","urlTemplate":"https:\/\/www.practicalteam.com\/?s={search_term_string}"},"query-input":{"@type":"PropertyValueSpecification","valueRequired":true,"valueName":"search_term_string"}}],"inLanguage":"en-US"},{"@type":"Organization","@id":"https:\/\/www.practicalteam.com\/#organization","name":"Practical Team","url":"https:\/\/www.practicalteam.com\/","logo":{"@type":"ImageObject","inLanguage":"en-US","@id":"https:\/\/www.practicalteam.com\/#\/schema\/logo\/image\/","url":"https:\/\/www.practicalteam.com\/wp-content\/uploads\/2023\/07\/Logo-Practical-Team-1200x518-1.png","contentUrl":"https:\/\/www.practicalteam.com\/wp-content\/uploads\/2023\/07\/Logo-Practical-Team-1200x518-1.png","width":1200,"height":518,"caption":"Practical Team"},"image":{"@id":"https:\/\/www.practicalteam.com\/#\/schema\/logo\/image\/"},"sameAs":["https:\/\/www.linkedin.com\/company\/practical-team\/"]}]}},"_links":{"self":[{"href":"https:\/\/www.practicalteam.com\/en\/wp-json\/wp\/v2\/pages\/1009","targetHints":{"allow":["GET"]}}],"collection":[{"href":"https:\/\/www.practicalteam.com\/en\/wp-json\/wp\/v2\/pages"}],"about":[{"href":"https:\/\/www.practicalteam.com\/en\/wp-json\/wp\/v2\/types\/page"}],"author":[{"embeddable":true,"href":"https:\/\/www.practicalteam.com\/en\/wp-json\/wp\/v2\/users\/1"}],"replies":[{"embeddable":true,"href":"https:\/\/www.practicalteam.com\/en\/wp-json\/wp\/v2\/comments?post=1009"}],"version-history":[{"count":0,"href":"https:\/\/www.practicalteam.com\/en\/wp-json\/wp\/v2\/pages\/1009\/revisions"}],"wp:featuredmedia":[{"embeddable":true,"href":"https:\/\/www.practicalteam.com\/en\/wp-json\/wp\/v2\/media\/11"}],"wp:attachment":[{"href":"https:\/\/www.practicalteam.com\/en\/wp-json\/wp\/v2\/media?parent=1009"}],"curies":[{"name":"wp","href":"https:\/\/api.w.org\/{rel}","templated":true}]}}