{"id":1028,"date":"2015-06-19T13:01:43","date_gmt":"2015-06-19T13:01:43","guid":{"rendered":"https:\/\/www.practicalteam.com\/?page_id=1028"},"modified":"2023-07-21T11:20:04","modified_gmt":"2023-07-21T11:20:04","slug":"marketing-plan","status":"publish","type":"page","link":"https:\/\/www.practicalteam.com\/en\/marketing-plan\/","title":{"rendered":"Marketing Plan"},"content":{"rendered":"<h1><span style=\"color: #90ba15;\">Marketing Plan<\/span><\/h1>\n<hr \/>\n<p style=\"text-align: justify;\"><a href=\"\/wp-content\/uploads\/2015\/04\/plan_marketing_182x173.jpg\"><img loading=\"lazy\" decoding=\"async\" class=\"alignright wp-image-14\" src=\"\/wp-content\/uploads\/2015\/04\/plan_marketing_182x173.jpg\" alt=\"plan_marketing_182x173\" width=\"250\" height=\"238\" \/><\/a>A marketing plan is an essential tool that any company that intends to be competitive should use. It is a flexible tool which allows the company to improve and maximize the resources already existing within the firm, thus improving its organization, and a way to obtain results. A marketing plan establishes the actions to be carried out in order to attain the objectives set and must be implemented using the parameters established in the strategic plan.<\/p>\n<p style=\"text-align: justify;\">A strong marketing plan should include information regarding the following topics:<\/p>\n<table border=\"0\">\n<tbody>\n<tr style=\"text-align: justify;\">\n<td valign=\"top\"><\/td>\n<td valign=\"top\"><a href=\"https:\/\/www.practicalteam.com\/wp-content\/uploads\/2015\/06\/vineta.png\"><img loading=\"lazy\" decoding=\"async\" class=\"alignnone wp-image-449\" src=\"https:\/\/www.practicalteam.com\/wp-content\/uploads\/2015\/06\/vineta.png\" alt=\"vin?eta\" width=\"15\" height=\"15\" \/><\/a><\/td>\n<td valign=\"top\"><strong>Analysis of the situation: <\/strong>Both the internal and external factors that have an impact on our company are included in this section:<\/p>\n<ul>\n<li>The company\u2019s SWOT analysis (Strengths, Weaknesses, Opportunities and Threats)<\/li>\n<li>External environment: the market\u2019s socioeconomic situation, legal regulations, labour market environment, etc.<\/li>\n<li>Market: analysis of the sector that affects us, consumer behaviour, segment identification, market trends,competitor analysis, etc.<\/li>\n<\/ul>\n<\/td>\n<\/tr>\n<tr style=\"text-align: justify;\">\n<td valign=\"top\"><\/td>\n<td valign=\"top\"><a href=\"https:\/\/www.practicalteam.com\/wp-content\/uploads\/2015\/06\/vineta.png\"><img loading=\"lazy\" decoding=\"async\" class=\"alignnone wp-image-449\" src=\"https:\/\/www.practicalteam.com\/wp-content\/uploads\/2015\/06\/vineta.png\" alt=\"vin?eta\" width=\"15\" height=\"15\" \/><\/a><\/td>\n<td valign=\"top\"><strong>Objectives:<\/strong> Once we are aware of the company\u2019s situation, the targets to be achieved are established both quantitatively, (sales targets, new registered clients, target market share, etc.) and qualitatively (improvement of the positioning and image of the company). It is important that the targets are achievable, realistic, flexible and are well defined.<\/td>\n<\/tr>\n<tr style=\"text-align: justify;\">\n<td valign=\"top\"><\/td>\n<td valign=\"top\"><a href=\"https:\/\/www.practicalteam.com\/wp-content\/uploads\/2015\/06\/vineta.png\"><img loading=\"lazy\" decoding=\"async\" class=\"alignnone wp-image-449\" src=\"https:\/\/www.practicalteam.com\/wp-content\/uploads\/2015\/06\/vineta.png\" alt=\"vin?eta\" width=\"15\" height=\"15\" \/><\/a><\/td>\n<td valign=\"top\"><strong>Strategy Approach:\u00a0 <\/strong>In relation to the product, the means and ways chosen to promote it, how the sales force will be organized to carry it through distribution channels, as well as reviewing the key and strategic processes and the key people needed to achieve it.<\/td>\n<\/tr>\n<tr style=\"text-align: justify;\">\n<td valign=\"top\"><\/td>\n<td valign=\"top\"><a href=\"https:\/\/www.practicalteam.com\/wp-content\/uploads\/2015\/06\/vineta.png\"><img loading=\"lazy\" decoding=\"async\" class=\"alignnone wp-image-449\" src=\"https:\/\/www.practicalteam.com\/wp-content\/uploads\/2015\/06\/vineta.png\" alt=\"vin?eta\" width=\"15\" height=\"15\" \/><\/a><\/td>\n<td valign=\"top\"><strong>Action Plan:\u00a0 <\/strong>Details the specific actions to be performed in order to reach the targets set, outlining the specificexecution time frames.<\/td>\n<\/tr>\n<tr style=\"text-align: justify;\">\n<td valign=\"top\"><\/td>\n<td valign=\"top\"><a href=\"https:\/\/www.practicalteam.com\/wp-content\/uploads\/2015\/06\/vineta.png\"><img loading=\"lazy\" decoding=\"async\" class=\"alignnone wp-image-449\" src=\"https:\/\/www.practicalteam.com\/wp-content\/uploads\/2015\/06\/vineta.png\" alt=\"vin?eta\" width=\"15\" height=\"15\" \/><\/a><\/td>\n<td valign=\"top\"><strong>Budget:\u00a0 <\/strong>Estimate the global cost of all the points outlined in the Action Plan.<\/td>\n<\/tr>\n<tr>\n<td style=\"text-align: justify;\" valign=\"top\"><\/td>\n<td style=\"text-align: justify;\" valign=\"top\"><a href=\"https:\/\/www.practicalteam.com\/wp-content\/uploads\/2015\/06\/vineta.png\"><img loading=\"lazy\" decoding=\"async\" class=\"alignnone wp-image-449\" src=\"https:\/\/www.practicalteam.com\/wp-content\/uploads\/2015\/06\/vineta.png\" alt=\"vin?eta\" width=\"15\" height=\"15\" \/><\/a><\/td>\n<td style=\"text-align: justify;\" valign=\"top\">It is also important to establish <strong>control tools and measures (scorecard) <\/strong>in order to verify that once the implementation of the marketing plan has begun, each stage of the execution is being carried out correctly and in accordance to what has been established.<\/td>\n<\/tr>\n<\/tbody>\n<\/table>\n","protected":false},"excerpt":{"rendered":"<p>Marketing Plan A marketing plan is an essential tool that any company that intends to be competitive should use. It is a flexible tool which allows the company to improve&#8230;<\/p>\n","protected":false},"author":1,"featured_media":14,"parent":0,"menu_order":0,"comment_status":"closed","ping_status":"closed","template":"","meta":{"footnotes":""},"class_list":["post-1028","page","type-page","status-publish","has-post-thumbnail"],"yoast_head":"<!-- This site is optimized with the Yoast SEO plugin v26.9 - https:\/\/yoast.com\/product\/yoast-seo-wordpress\/ -->\n<title>Marketing Plan &#8226; Practical Team<\/title>\n<meta name=\"description\" content=\"Somos especialistas en expansi\u00f3n, crecimiento e internacionalizaci\u00f3n empresarial, apoyando a pymes a expandir sus negocios, trabajando la digitalizaci\u00f3n.\" \/>\n<meta name=\"robots\" content=\"index, follow, max-snippet:-1, max-image-preview:large, max-video-preview:-1\" \/>\n<link rel=\"canonical\" href=\"https:\/\/www.practicalteam.com\/en\/marketing-plan\/\" \/>\n<meta property=\"og:locale\" content=\"en_US\" \/>\n<meta property=\"og:type\" content=\"article\" \/>\n<meta property=\"og:title\" content=\"Marketing Plan &#8226; Practical Team\" \/>\n<meta property=\"og:description\" content=\"Somos especialistas en expansi\u00f3n, crecimiento e internacionalizaci\u00f3n empresarial, apoyando a pymes a expandir sus negocios, trabajando la digitalizaci\u00f3n.\" \/>\n<meta property=\"og:url\" content=\"https:\/\/www.practicalteam.com\/en\/marketing-plan\/\" \/>\n<meta property=\"og:site_name\" content=\"Practical Team\" \/>\n<meta property=\"article:modified_time\" content=\"2023-07-21T11:20:04+00:00\" \/>\n<meta property=\"og:image\" content=\"https:\/\/www.practicalteam.com\/wp-content\/uploads\/2015\/04\/plan_marketing_182x173.jpg\" \/>\n\t<meta property=\"og:image:width\" content=\"182\" \/>\n\t<meta property=\"og:image:height\" content=\"173\" \/>\n\t<meta property=\"og:image:type\" content=\"image\/jpeg\" \/>\n<meta name=\"twitter:card\" content=\"summary_large_image\" \/>\n<meta name=\"twitter:label1\" content=\"Est. reading time\" \/>\n\t<meta name=\"twitter:data1\" content=\"3 minutes\" \/>\n<script type=\"application\/ld+json\" class=\"yoast-schema-graph\">{\"@context\":\"https:\/\/schema.org\",\"@graph\":[{\"@type\":\"WebPage\",\"@id\":\"https:\/\/www.practicalteam.com\/en\/marketing-plan\/\",\"url\":\"https:\/\/www.practicalteam.com\/en\/marketing-plan\/\",\"name\":\"Marketing Plan &#8226; Practical Team\",\"isPartOf\":{\"@id\":\"https:\/\/www.practicalteam.com\/#website\"},\"primaryImageOfPage\":{\"@id\":\"https:\/\/www.practicalteam.com\/en\/marketing-plan\/#primaryimage\"},\"image\":{\"@id\":\"https:\/\/www.practicalteam.com\/en\/marketing-plan\/#primaryimage\"},\"thumbnailUrl\":\"https:\/\/www.practicalteam.com\/wp-content\/uploads\/2015\/04\/plan_marketing_182x173.jpg\",\"datePublished\":\"2015-06-19T13:01:43+00:00\",\"dateModified\":\"2023-07-21T11:20:04+00:00\",\"description\":\"Somos especialistas en expansi\u00f3n, crecimiento e internacionalizaci\u00f3n empresarial, apoyando a pymes a expandir sus negocios, trabajando la digitalizaci\u00f3n.\",\"breadcrumb\":{\"@id\":\"https:\/\/www.practicalteam.com\/en\/marketing-plan\/#breadcrumb\"},\"inLanguage\":\"en-US\",\"potentialAction\":[{\"@type\":\"ReadAction\",\"target\":[\"https:\/\/www.practicalteam.com\/en\/marketing-plan\/\"]}]},{\"@type\":\"ImageObject\",\"inLanguage\":\"en-US\",\"@id\":\"https:\/\/www.practicalteam.com\/en\/marketing-plan\/#primaryimage\",\"url\":\"https:\/\/www.practicalteam.com\/wp-content\/uploads\/2015\/04\/plan_marketing_182x173.jpg\",\"contentUrl\":\"https:\/\/www.practicalteam.com\/wp-content\/uploads\/2015\/04\/plan_marketing_182x173.jpg\",\"width\":182,\"height\":173},{\"@type\":\"BreadcrumbList\",\"@id\":\"https:\/\/www.practicalteam.com\/en\/marketing-plan\/#breadcrumb\",\"itemListElement\":[{\"@type\":\"ListItem\",\"position\":1,\"name\":\"Portada\",\"item\":\"https:\/\/www.practicalteam.com\/en\/business-expansion-growth-and-internationalisation\/\"},{\"@type\":\"ListItem\",\"position\":2,\"name\":\"Marketing Plan\"}]},{\"@type\":\"WebSite\",\"@id\":\"https:\/\/www.practicalteam.com\/#website\",\"url\":\"https:\/\/www.practicalteam.com\/\",\"name\":\"Practical Team\",\"description\":\"Expansi\u00f3n, crecimiento e internacionalizaci\u00f3n\",\"publisher\":{\"@id\":\"https:\/\/www.practicalteam.com\/#organization\"},\"potentialAction\":[{\"@type\":\"SearchAction\",\"target\":{\"@type\":\"EntryPoint\",\"urlTemplate\":\"https:\/\/www.practicalteam.com\/?s={search_term_string}\"},\"query-input\":{\"@type\":\"PropertyValueSpecification\",\"valueRequired\":true,\"valueName\":\"search_term_string\"}}],\"inLanguage\":\"en-US\"},{\"@type\":\"Organization\",\"@id\":\"https:\/\/www.practicalteam.com\/#organization\",\"name\":\"Practical Team\",\"url\":\"https:\/\/www.practicalteam.com\/\",\"logo\":{\"@type\":\"ImageObject\",\"inLanguage\":\"en-US\",\"@id\":\"https:\/\/www.practicalteam.com\/#\/schema\/logo\/image\/\",\"url\":\"https:\/\/www.practicalteam.com\/wp-content\/uploads\/2023\/07\/Logo-Practical-Team-1200x518-1.png\",\"contentUrl\":\"https:\/\/www.practicalteam.com\/wp-content\/uploads\/2023\/07\/Logo-Practical-Team-1200x518-1.png\",\"width\":1200,\"height\":518,\"caption\":\"Practical Team\"},\"image\":{\"@id\":\"https:\/\/www.practicalteam.com\/#\/schema\/logo\/image\/\"},\"sameAs\":[\"https:\/\/www.linkedin.com\/company\/practical-team\/\"]}]}<\/script>\n<!-- \/ Yoast SEO plugin. -->","yoast_head_json":{"title":"Marketing Plan &#8226; Practical Team","description":"Somos especialistas en expansi\u00f3n, crecimiento e internacionalizaci\u00f3n empresarial, apoyando a pymes a expandir sus negocios, trabajando la digitalizaci\u00f3n.","robots":{"index":"index","follow":"follow","max-snippet":"max-snippet:-1","max-image-preview":"max-image-preview:large","max-video-preview":"max-video-preview:-1"},"canonical":"https:\/\/www.practicalteam.com\/en\/marketing-plan\/","og_locale":"en_US","og_type":"article","og_title":"Marketing Plan &#8226; Practical Team","og_description":"Somos especialistas en expansi\u00f3n, crecimiento e internacionalizaci\u00f3n empresarial, apoyando a pymes a expandir sus negocios, trabajando la digitalizaci\u00f3n.","og_url":"https:\/\/www.practicalteam.com\/en\/marketing-plan\/","og_site_name":"Practical Team","article_modified_time":"2023-07-21T11:20:04+00:00","og_image":[{"width":182,"height":173,"url":"https:\/\/www.practicalteam.com\/wp-content\/uploads\/2015\/04\/plan_marketing_182x173.jpg","type":"image\/jpeg"}],"twitter_card":"summary_large_image","twitter_misc":{"Est. reading time":"3 minutes"},"schema":{"@context":"https:\/\/schema.org","@graph":[{"@type":"WebPage","@id":"https:\/\/www.practicalteam.com\/en\/marketing-plan\/","url":"https:\/\/www.practicalteam.com\/en\/marketing-plan\/","name":"Marketing Plan &#8226; Practical Team","isPartOf":{"@id":"https:\/\/www.practicalteam.com\/#website"},"primaryImageOfPage":{"@id":"https:\/\/www.practicalteam.com\/en\/marketing-plan\/#primaryimage"},"image":{"@id":"https:\/\/www.practicalteam.com\/en\/marketing-plan\/#primaryimage"},"thumbnailUrl":"https:\/\/www.practicalteam.com\/wp-content\/uploads\/2015\/04\/plan_marketing_182x173.jpg","datePublished":"2015-06-19T13:01:43+00:00","dateModified":"2023-07-21T11:20:04+00:00","description":"Somos especialistas en expansi\u00f3n, crecimiento e internacionalizaci\u00f3n empresarial, apoyando a pymes a expandir sus negocios, trabajando la digitalizaci\u00f3n.","breadcrumb":{"@id":"https:\/\/www.practicalteam.com\/en\/marketing-plan\/#breadcrumb"},"inLanguage":"en-US","potentialAction":[{"@type":"ReadAction","target":["https:\/\/www.practicalteam.com\/en\/marketing-plan\/"]}]},{"@type":"ImageObject","inLanguage":"en-US","@id":"https:\/\/www.practicalteam.com\/en\/marketing-plan\/#primaryimage","url":"https:\/\/www.practicalteam.com\/wp-content\/uploads\/2015\/04\/plan_marketing_182x173.jpg","contentUrl":"https:\/\/www.practicalteam.com\/wp-content\/uploads\/2015\/04\/plan_marketing_182x173.jpg","width":182,"height":173},{"@type":"BreadcrumbList","@id":"https:\/\/www.practicalteam.com\/en\/marketing-plan\/#breadcrumb","itemListElement":[{"@type":"ListItem","position":1,"name":"Portada","item":"https:\/\/www.practicalteam.com\/en\/business-expansion-growth-and-internationalisation\/"},{"@type":"ListItem","position":2,"name":"Marketing Plan"}]},{"@type":"WebSite","@id":"https:\/\/www.practicalteam.com\/#website","url":"https:\/\/www.practicalteam.com\/","name":"Practical Team","description":"Expansi\u00f3n, crecimiento e internacionalizaci\u00f3n","publisher":{"@id":"https:\/\/www.practicalteam.com\/#organization"},"potentialAction":[{"@type":"SearchAction","target":{"@type":"EntryPoint","urlTemplate":"https:\/\/www.practicalteam.com\/?s={search_term_string}"},"query-input":{"@type":"PropertyValueSpecification","valueRequired":true,"valueName":"search_term_string"}}],"inLanguage":"en-US"},{"@type":"Organization","@id":"https:\/\/www.practicalteam.com\/#organization","name":"Practical Team","url":"https:\/\/www.practicalteam.com\/","logo":{"@type":"ImageObject","inLanguage":"en-US","@id":"https:\/\/www.practicalteam.com\/#\/schema\/logo\/image\/","url":"https:\/\/www.practicalteam.com\/wp-content\/uploads\/2023\/07\/Logo-Practical-Team-1200x518-1.png","contentUrl":"https:\/\/www.practicalteam.com\/wp-content\/uploads\/2023\/07\/Logo-Practical-Team-1200x518-1.png","width":1200,"height":518,"caption":"Practical Team"},"image":{"@id":"https:\/\/www.practicalteam.com\/#\/schema\/logo\/image\/"},"sameAs":["https:\/\/www.linkedin.com\/company\/practical-team\/"]}]}},"_links":{"self":[{"href":"https:\/\/www.practicalteam.com\/en\/wp-json\/wp\/v2\/pages\/1028","targetHints":{"allow":["GET"]}}],"collection":[{"href":"https:\/\/www.practicalteam.com\/en\/wp-json\/wp\/v2\/pages"}],"about":[{"href":"https:\/\/www.practicalteam.com\/en\/wp-json\/wp\/v2\/types\/page"}],"author":[{"embeddable":true,"href":"https:\/\/www.practicalteam.com\/en\/wp-json\/wp\/v2\/users\/1"}],"replies":[{"embeddable":true,"href":"https:\/\/www.practicalteam.com\/en\/wp-json\/wp\/v2\/comments?post=1028"}],"version-history":[{"count":0,"href":"https:\/\/www.practicalteam.com\/en\/wp-json\/wp\/v2\/pages\/1028\/revisions"}],"wp:featuredmedia":[{"embeddable":true,"href":"https:\/\/www.practicalteam.com\/en\/wp-json\/wp\/v2\/media\/14"}],"wp:attachment":[{"href":"https:\/\/www.practicalteam.com\/en\/wp-json\/wp\/v2\/media?parent=1028"}],"curies":[{"name":"wp","href":"https:\/\/api.w.org\/{rel}","templated":true}]}}