{"id":1037,"date":"2015-06-19T22:18:54","date_gmt":"2015-06-19T22:18:54","guid":{"rendered":"https:\/\/www.practicalteam.com\/?page_id=1037"},"modified":"2023-07-21T11:18:32","modified_gmt":"2023-07-21T11:18:32","slug":"commercial-services","status":"publish","type":"page","link":"https:\/\/www.practicalteam.com\/en\/commercial-services\/","title":{"rendered":"Commercial Services"},"content":{"rendered":"<h1><span style=\"color: #90ba15;\">Commercial Services<\/span><\/h1>\n<hr \/>\n<p>Practical Team specializes in rendering diverse commercial services adapted to the company\u2019s needs and situation. Among others, the aspects in which we can assist you are:<\/p>\n<p><strong><a href=\"https:\/\/www.practicalteam.com\/wp-content\/uploads\/2015\/06\/vineta.png\"><img loading=\"lazy\" decoding=\"async\" class=\"alignnone wp-image-449\" src=\"https:\/\/www.practicalteam.com\/wp-content\/uploads\/2015\/06\/vineta.png\" alt=\"vin?eta\" width=\"15\" height=\"15\" \/><\/a>\u00a0Staff Recruitment and Outsourcing of Specific Functions<\/strong><\/p>\n<p style=\"text-align: justify; padding-left: 30px;\"><a href=\"https:\/\/www.practicalteam.com\/wp-content\/uploads\/2015\/06\/servicios-comerciales1.jpg\"><img loading=\"lazy\" decoding=\"async\" class=\"wp-image-211 alignright\" src=\"https:\/\/www.practicalteam.com\/wp-content\/uploads\/2015\/06\/servicios-comerciales1.jpg\" alt=\"\" width=\"300\" height=\"200\" \/><\/a><\/p>\n<p style=\"text-align: justify; padding-left: 30px;\">The employee base of a company is a fundamental pillar in the good performance of a business. It is a delicate process given that it is necessary to find people capable of performing their job successfully and who share the company\u2019s mission and vision. Practical Team collaborates with management in the recruitment of key staff members for commercial, export and business activities and provides, if necessary, coverage of specific functions for the company on a temporary basis applying an outsourced arrangement.<\/p>\n<p style=\"text-align: justify; padding-left: 30px;\">This way companies benefit from the possibility of having executive personnel on board when necessary, that leave once the assigned project has concluded.<\/p>\n<p style=\"text-align: justify; padding-left: 30px;\">This scenario allows firms to have specific and dedicated professionals in Marketing Management, Export Management and Strategic Management, only during the required period of time to perform a specific mandate, thus avoiding all the costs incurred when recruiting staff directly.<\/p>\n<p><strong><a href=\"https:\/\/www.practicalteam.com\/wp-content\/uploads\/2015\/06\/vineta.png\"><img loading=\"lazy\" decoding=\"async\" class=\"alignnone wp-image-449\" src=\"https:\/\/www.practicalteam.com\/wp-content\/uploads\/2015\/06\/vineta.png\" alt=\"vin?eta\" width=\"15\" height=\"15\" \/><\/a>\u00a0<\/strong><strong>Creation of Commercial Networks\u00a0\u00a0<\/strong><\/p>\n<p><img loading=\"lazy\" decoding=\"async\" class=\"wp-image-212 alignright\" src=\"\/wp-content\/uploads\/2015\/06\/servicioscomerciales2.jpg\" alt=\"servicioscomerciales2\" width=\"300\" height=\"211\" \/><\/p>\n<p style=\"padding-left: 30px; text-align: justify;\">Within a commercial operation framework, Practical Team can help you create commercial and\/or distribution networks for your products and services, both at a national and at an international level. Practical Team identifies the most appropriate channels, taking into consideration the characteristics of your company and of the product or services you intend to commercialize. We therefore first find out how the market is distributed, in order to decide what type of sales force, commercial operators and distribution channels are needed to obtain the best results from their management, always in line with the company\u2019s commercial policies.<\/p>\n<p>&nbsp;<\/p>\n<p><a href=\"https:\/\/www.practicalteam.com\/wp-content\/uploads\/2015\/06\/vineta.png\"><img loading=\"lazy\" decoding=\"async\" class=\"alignnone wp-image-449\" src=\"https:\/\/www.practicalteam.com\/wp-content\/uploads\/2015\/06\/vineta.png\" alt=\"vin?eta\" width=\"15\" height=\"15\" \/><\/a>\u00a0<strong>Search for New Clients and Suppliers<\/strong><\/p>\n<p style=\"padding-left: 30px; text-align: justify;\"><img loading=\"lazy\" decoding=\"async\" class=\"wp-image-213 alignright\" src=\"\/wp-content\/uploads\/2015\/06\/servicioscomerciales3.jpg\" alt=\"servicioscomerciales3\" width=\"300\" height=\"220\" \/><\/p>\n<p style=\"padding-left: 30px; text-align: justify;\">Another task in which Practical Team can assist you with is in the search of new clients and suppliers to specifically match the product or service that each company commercializes. Companies tend to lack specific tools and time required to achieve this. At Practical Team we are specialists in carrying out such tasks: we perform market studies with the purpose of identifying new niche markets to which successfully direct the promotion of your products or services. We use different channels of information and methods for data collection with the purpose of identifying potential clients and\/or suppliers and to verify their situation and validity. In summary, we help you create and maintain a useful and up to date database.<\/p>\n","protected":false},"excerpt":{"rendered":"<p>Commercial Services Practical Team specializes in rendering diverse commercial services adapted to the company\u2019s needs and situation. Among others, the aspects in which we can assist you are: \u00a0Staff Recruitment&#8230;<\/p>\n","protected":false},"author":1,"featured_media":449,"parent":0,"menu_order":0,"comment_status":"closed","ping_status":"closed","template":"","meta":{"footnotes":""},"class_list":["post-1037","page","type-page","status-publish","has-post-thumbnail"],"yoast_head":"<!-- This site is optimized with the Yoast SEO plugin v26.9 - https:\/\/yoast.com\/product\/yoast-seo-wordpress\/ -->\n<title>Commercial Services &#8226; Practical Team<\/title>\n<meta name=\"description\" content=\"Somos especialistas en expansi\u00f3n, crecimiento e internacionalizaci\u00f3n empresarial, apoyando a pymes a expandir sus negocios, trabajando la digitalizaci\u00f3n.\" \/>\n<meta name=\"robots\" content=\"index, follow, max-snippet:-1, max-image-preview:large, max-video-preview:-1\" \/>\n<link rel=\"canonical\" href=\"https:\/\/www.practicalteam.com\/en\/commercial-services\/\" \/>\n<meta property=\"og:locale\" content=\"en_US\" \/>\n<meta property=\"og:type\" content=\"article\" \/>\n<meta property=\"og:title\" content=\"Commercial Services &#8226; Practical Team\" \/>\n<meta property=\"og:description\" content=\"Somos especialistas en expansi\u00f3n, crecimiento e internacionalizaci\u00f3n empresarial, apoyando a pymes a expandir sus negocios, trabajando la digitalizaci\u00f3n.\" \/>\n<meta property=\"og:url\" content=\"https:\/\/www.practicalteam.com\/en\/commercial-services\/\" \/>\n<meta property=\"og:site_name\" content=\"Practical Team\" \/>\n<meta property=\"article:modified_time\" content=\"2023-07-21T11:18:32+00:00\" \/>\n<meta property=\"og:image\" content=\"https:\/\/www.practicalteam.com\/wp-content\/uploads\/2015\/06\/vineta.png\" \/>\n\t<meta property=\"og:image:width\" content=\"50\" \/>\n\t<meta property=\"og:image:height\" content=\"50\" \/>\n\t<meta property=\"og:image:type\" content=\"image\/png\" \/>\n<meta name=\"twitter:card\" content=\"summary_large_image\" \/>\n<meta name=\"twitter:label1\" content=\"Est. reading time\" \/>\n\t<meta name=\"twitter:data1\" content=\"4 minutes\" \/>\n<script type=\"application\/ld+json\" class=\"yoast-schema-graph\">{\"@context\":\"https:\/\/schema.org\",\"@graph\":[{\"@type\":\"WebPage\",\"@id\":\"https:\/\/www.practicalteam.com\/en\/commercial-services\/\",\"url\":\"https:\/\/www.practicalteam.com\/en\/commercial-services\/\",\"name\":\"Commercial Services &#8226; Practical Team\",\"isPartOf\":{\"@id\":\"https:\/\/www.practicalteam.com\/#website\"},\"primaryImageOfPage\":{\"@id\":\"https:\/\/www.practicalteam.com\/en\/commercial-services\/#primaryimage\"},\"image\":{\"@id\":\"https:\/\/www.practicalteam.com\/en\/commercial-services\/#primaryimage\"},\"thumbnailUrl\":\"https:\/\/www.practicalteam.com\/wp-content\/uploads\/2015\/06\/vineta.png\",\"datePublished\":\"2015-06-19T22:18:54+00:00\",\"dateModified\":\"2023-07-21T11:18:32+00:00\",\"description\":\"Somos especialistas en expansi\u00f3n, crecimiento e internacionalizaci\u00f3n empresarial, apoyando a pymes a expandir sus negocios, trabajando la digitalizaci\u00f3n.\",\"breadcrumb\":{\"@id\":\"https:\/\/www.practicalteam.com\/en\/commercial-services\/#breadcrumb\"},\"inLanguage\":\"en-US\",\"potentialAction\":[{\"@type\":\"ReadAction\",\"target\":[\"https:\/\/www.practicalteam.com\/en\/commercial-services\/\"]}]},{\"@type\":\"ImageObject\",\"inLanguage\":\"en-US\",\"@id\":\"https:\/\/www.practicalteam.com\/en\/commercial-services\/#primaryimage\",\"url\":\"https:\/\/www.practicalteam.com\/wp-content\/uploads\/2015\/06\/vineta.png\",\"contentUrl\":\"https:\/\/www.practicalteam.com\/wp-content\/uploads\/2015\/06\/vineta.png\",\"width\":50,\"height\":50},{\"@type\":\"BreadcrumbList\",\"@id\":\"https:\/\/www.practicalteam.com\/en\/commercial-services\/#breadcrumb\",\"itemListElement\":[{\"@type\":\"ListItem\",\"position\":1,\"name\":\"Portada\",\"item\":\"https:\/\/www.practicalteam.com\/en\/business-expansion-growth-and-internationalisation\/\"},{\"@type\":\"ListItem\",\"position\":2,\"name\":\"Commercial Services\"}]},{\"@type\":\"WebSite\",\"@id\":\"https:\/\/www.practicalteam.com\/#website\",\"url\":\"https:\/\/www.practicalteam.com\/\",\"name\":\"Practical Team\",\"description\":\"Expansi\u00f3n, crecimiento e internacionalizaci\u00f3n\",\"publisher\":{\"@id\":\"https:\/\/www.practicalteam.com\/#organization\"},\"potentialAction\":[{\"@type\":\"SearchAction\",\"target\":{\"@type\":\"EntryPoint\",\"urlTemplate\":\"https:\/\/www.practicalteam.com\/?s={search_term_string}\"},\"query-input\":{\"@type\":\"PropertyValueSpecification\",\"valueRequired\":true,\"valueName\":\"search_term_string\"}}],\"inLanguage\":\"en-US\"},{\"@type\":\"Organization\",\"@id\":\"https:\/\/www.practicalteam.com\/#organization\",\"name\":\"Practical Team\",\"url\":\"https:\/\/www.practicalteam.com\/\",\"logo\":{\"@type\":\"ImageObject\",\"inLanguage\":\"en-US\",\"@id\":\"https:\/\/www.practicalteam.com\/#\/schema\/logo\/image\/\",\"url\":\"https:\/\/www.practicalteam.com\/wp-content\/uploads\/2023\/07\/Logo-Practical-Team-1200x518-1.png\",\"contentUrl\":\"https:\/\/www.practicalteam.com\/wp-content\/uploads\/2023\/07\/Logo-Practical-Team-1200x518-1.png\",\"width\":1200,\"height\":518,\"caption\":\"Practical Team\"},\"image\":{\"@id\":\"https:\/\/www.practicalteam.com\/#\/schema\/logo\/image\/\"},\"sameAs\":[\"https:\/\/www.linkedin.com\/company\/practical-team\/\"]}]}<\/script>\n<!-- \/ Yoast SEO plugin. -->","yoast_head_json":{"title":"Commercial Services &#8226; Practical Team","description":"Somos especialistas en expansi\u00f3n, crecimiento e internacionalizaci\u00f3n empresarial, apoyando a pymes a expandir sus negocios, trabajando la digitalizaci\u00f3n.","robots":{"index":"index","follow":"follow","max-snippet":"max-snippet:-1","max-image-preview":"max-image-preview:large","max-video-preview":"max-video-preview:-1"},"canonical":"https:\/\/www.practicalteam.com\/en\/commercial-services\/","og_locale":"en_US","og_type":"article","og_title":"Commercial Services &#8226; Practical Team","og_description":"Somos especialistas en expansi\u00f3n, crecimiento e internacionalizaci\u00f3n empresarial, apoyando a pymes a expandir sus negocios, trabajando la digitalizaci\u00f3n.","og_url":"https:\/\/www.practicalteam.com\/en\/commercial-services\/","og_site_name":"Practical Team","article_modified_time":"2023-07-21T11:18:32+00:00","og_image":[{"width":50,"height":50,"url":"https:\/\/www.practicalteam.com\/wp-content\/uploads\/2015\/06\/vineta.png","type":"image\/png"}],"twitter_card":"summary_large_image","twitter_misc":{"Est. reading time":"4 minutes"},"schema":{"@context":"https:\/\/schema.org","@graph":[{"@type":"WebPage","@id":"https:\/\/www.practicalteam.com\/en\/commercial-services\/","url":"https:\/\/www.practicalteam.com\/en\/commercial-services\/","name":"Commercial Services &#8226; Practical Team","isPartOf":{"@id":"https:\/\/www.practicalteam.com\/#website"},"primaryImageOfPage":{"@id":"https:\/\/www.practicalteam.com\/en\/commercial-services\/#primaryimage"},"image":{"@id":"https:\/\/www.practicalteam.com\/en\/commercial-services\/#primaryimage"},"thumbnailUrl":"https:\/\/www.practicalteam.com\/wp-content\/uploads\/2015\/06\/vineta.png","datePublished":"2015-06-19T22:18:54+00:00","dateModified":"2023-07-21T11:18:32+00:00","description":"Somos especialistas en expansi\u00f3n, crecimiento e internacionalizaci\u00f3n empresarial, apoyando a pymes a expandir sus negocios, trabajando la digitalizaci\u00f3n.","breadcrumb":{"@id":"https:\/\/www.practicalteam.com\/en\/commercial-services\/#breadcrumb"},"inLanguage":"en-US","potentialAction":[{"@type":"ReadAction","target":["https:\/\/www.practicalteam.com\/en\/commercial-services\/"]}]},{"@type":"ImageObject","inLanguage":"en-US","@id":"https:\/\/www.practicalteam.com\/en\/commercial-services\/#primaryimage","url":"https:\/\/www.practicalteam.com\/wp-content\/uploads\/2015\/06\/vineta.png","contentUrl":"https:\/\/www.practicalteam.com\/wp-content\/uploads\/2015\/06\/vineta.png","width":50,"height":50},{"@type":"BreadcrumbList","@id":"https:\/\/www.practicalteam.com\/en\/commercial-services\/#breadcrumb","itemListElement":[{"@type":"ListItem","position":1,"name":"Portada","item":"https:\/\/www.practicalteam.com\/en\/business-expansion-growth-and-internationalisation\/"},{"@type":"ListItem","position":2,"name":"Commercial Services"}]},{"@type":"WebSite","@id":"https:\/\/www.practicalteam.com\/#website","url":"https:\/\/www.practicalteam.com\/","name":"Practical Team","description":"Expansi\u00f3n, crecimiento e internacionalizaci\u00f3n","publisher":{"@id":"https:\/\/www.practicalteam.com\/#organization"},"potentialAction":[{"@type":"SearchAction","target":{"@type":"EntryPoint","urlTemplate":"https:\/\/www.practicalteam.com\/?s={search_term_string}"},"query-input":{"@type":"PropertyValueSpecification","valueRequired":true,"valueName":"search_term_string"}}],"inLanguage":"en-US"},{"@type":"Organization","@id":"https:\/\/www.practicalteam.com\/#organization","name":"Practical Team","url":"https:\/\/www.practicalteam.com\/","logo":{"@type":"ImageObject","inLanguage":"en-US","@id":"https:\/\/www.practicalteam.com\/#\/schema\/logo\/image\/","url":"https:\/\/www.practicalteam.com\/wp-content\/uploads\/2023\/07\/Logo-Practical-Team-1200x518-1.png","contentUrl":"https:\/\/www.practicalteam.com\/wp-content\/uploads\/2023\/07\/Logo-Practical-Team-1200x518-1.png","width":1200,"height":518,"caption":"Practical Team"},"image":{"@id":"https:\/\/www.practicalteam.com\/#\/schema\/logo\/image\/"},"sameAs":["https:\/\/www.linkedin.com\/company\/practical-team\/"]}]}},"_links":{"self":[{"href":"https:\/\/www.practicalteam.com\/en\/wp-json\/wp\/v2\/pages\/1037","targetHints":{"allow":["GET"]}}],"collection":[{"href":"https:\/\/www.practicalteam.com\/en\/wp-json\/wp\/v2\/pages"}],"about":[{"href":"https:\/\/www.practicalteam.com\/en\/wp-json\/wp\/v2\/types\/page"}],"author":[{"embeddable":true,"href":"https:\/\/www.practicalteam.com\/en\/wp-json\/wp\/v2\/users\/1"}],"replies":[{"embeddable":true,"href":"https:\/\/www.practicalteam.com\/en\/wp-json\/wp\/v2\/comments?post=1037"}],"version-history":[{"count":0,"href":"https:\/\/www.practicalteam.com\/en\/wp-json\/wp\/v2\/pages\/1037\/revisions"}],"wp:featuredmedia":[{"embeddable":true,"href":"https:\/\/www.practicalteam.com\/en\/wp-json\/wp\/v2\/media\/449"}],"wp:attachment":[{"href":"https:\/\/www.practicalteam.com\/en\/wp-json\/wp\/v2\/media?parent=1037"}],"curies":[{"name":"wp","href":"https:\/\/api.w.org\/{rel}","templated":true}]}}