{"id":1043,"date":"2015-06-19T22:30:22","date_gmt":"2015-06-19T22:30:22","guid":{"rendered":"https:\/\/www.practicalteam.com\/?page_id=1043"},"modified":"2023-07-21T10:55:57","modified_gmt":"2023-07-21T10:55:57","slug":"financing-aid-and-subsidy-search","status":"publish","type":"page","link":"https:\/\/www.practicalteam.com\/en\/financing-aid-and-subsidy-search\/","title":{"rendered":"Financing, Aid and Subsidy Search"},"content":{"rendered":"<h1 style=\"text-align: justify;\"><img loading=\"lazy\" decoding=\"async\" class=\"alignright wp-image-163 size-full\" src=\"https:\/\/www.practicalteam.com\/wp-content\/uploads\/2015\/06\/ayudas_financiacion_280x188.jpg\" alt=\"ayudas_financiacion_280x188\" width=\"280\" height=\"188\" \/><span style=\"color: #90ba15;\">Financing, Aid and Subsidy Search<\/span><\/h1>\n<hr \/>\n<p style=\"text-align: justify;\">Practical Team collaborates with diverse financial entities, both banking and non-banking firms, that can help you obtain the financial resources you need. As an alternative to bank financing, there are other sources of finance offered by public entities (normally on more advantageous terms); or by private investors that help companies continue with their business activities or broaden their current resources to manage their growth or to start a new project.<\/p>\n<p style=\"text-align: justify;\">In Practical Team, we can help you by identifying possible sources of financing and facilitate access to them.<\/p>\n","protected":false},"excerpt":{"rendered":"<p>Financing, Aid and Subsidy Search Practical Team collaborates with diverse financial entities, both banking and non-banking firms, that can help you obtain the financial resources you need. As an alternative&#8230;<\/p>\n","protected":false},"author":1,"featured_media":163,"parent":0,"menu_order":0,"comment_status":"closed","ping_status":"closed","template":"","meta":{"footnotes":""},"class_list":["post-1043","page","type-page","status-publish","has-post-thumbnail"],"yoast_head":"<!-- This site is optimized with the Yoast SEO plugin v26.9 - https:\/\/yoast.com\/product\/yoast-seo-wordpress\/ -->\n<title>Financing, Aid and Subsidy Search &#8226; Practical Team<\/title>\n<meta name=\"description\" content=\"Somos especialistas en expansi\u00f3n, crecimiento e internacionalizaci\u00f3n empresarial, apoyando a pymes a expandir sus negocios, trabajando la digitalizaci\u00f3n.\" \/>\n<meta name=\"robots\" content=\"index, follow, max-snippet:-1, max-image-preview:large, max-video-preview:-1\" \/>\n<link rel=\"canonical\" href=\"https:\/\/www.practicalteam.com\/en\/financing-aid-and-subsidy-search\/\" \/>\n<meta property=\"og:locale\" content=\"en_US\" \/>\n<meta property=\"og:type\" content=\"article\" \/>\n<meta property=\"og:title\" content=\"Financing, Aid and Subsidy Search &#8226; Practical Team\" \/>\n<meta property=\"og:description\" content=\"Somos especialistas en expansi\u00f3n, crecimiento e internacionalizaci\u00f3n empresarial, apoyando a pymes a expandir sus negocios, trabajando la digitalizaci\u00f3n.\" \/>\n<meta property=\"og:url\" content=\"https:\/\/www.practicalteam.com\/en\/financing-aid-and-subsidy-search\/\" \/>\n<meta property=\"og:site_name\" content=\"Practical Team\" \/>\n<meta property=\"article:modified_time\" content=\"2023-07-21T10:55:57+00:00\" \/>\n<meta property=\"og:image\" content=\"https:\/\/www.practicalteam.com\/wp-content\/uploads\/2015\/06\/ayudas_financiacion_280x188.jpg\" \/>\n\t<meta property=\"og:image:width\" content=\"280\" \/>\n\t<meta property=\"og:image:height\" content=\"188\" \/>\n\t<meta property=\"og:image:type\" content=\"image\/jpeg\" \/>\n<meta name=\"twitter:card\" content=\"summary_large_image\" \/>\n<meta name=\"twitter:label1\" content=\"Est. reading time\" \/>\n\t<meta name=\"twitter:data1\" content=\"1 minute\" \/>\n<script type=\"application\/ld+json\" class=\"yoast-schema-graph\">{\"@context\":\"https:\/\/schema.org\",\"@graph\":[{\"@type\":\"WebPage\",\"@id\":\"https:\/\/www.practicalteam.com\/en\/financing-aid-and-subsidy-search\/\",\"url\":\"https:\/\/www.practicalteam.com\/en\/financing-aid-and-subsidy-search\/\",\"name\":\"Financing, Aid and Subsidy Search &#8226; Practical Team\",\"isPartOf\":{\"@id\":\"https:\/\/www.practicalteam.com\/#website\"},\"primaryImageOfPage\":{\"@id\":\"https:\/\/www.practicalteam.com\/en\/financing-aid-and-subsidy-search\/#primaryimage\"},\"image\":{\"@id\":\"https:\/\/www.practicalteam.com\/en\/financing-aid-and-subsidy-search\/#primaryimage\"},\"thumbnailUrl\":\"https:\/\/www.practicalteam.com\/wp-content\/uploads\/2015\/06\/ayudas_financiacion_280x188.jpg\",\"datePublished\":\"2015-06-19T22:30:22+00:00\",\"dateModified\":\"2023-07-21T10:55:57+00:00\",\"description\":\"Somos especialistas en expansi\u00f3n, crecimiento e internacionalizaci\u00f3n empresarial, apoyando a pymes a expandir sus negocios, trabajando la digitalizaci\u00f3n.\",\"breadcrumb\":{\"@id\":\"https:\/\/www.practicalteam.com\/en\/financing-aid-and-subsidy-search\/#breadcrumb\"},\"inLanguage\":\"en-US\",\"potentialAction\":[{\"@type\":\"ReadAction\",\"target\":[\"https:\/\/www.practicalteam.com\/en\/financing-aid-and-subsidy-search\/\"]}]},{\"@type\":\"ImageObject\",\"inLanguage\":\"en-US\",\"@id\":\"https:\/\/www.practicalteam.com\/en\/financing-aid-and-subsidy-search\/#primaryimage\",\"url\":\"https:\/\/www.practicalteam.com\/wp-content\/uploads\/2015\/06\/ayudas_financiacion_280x188.jpg\",\"contentUrl\":\"https:\/\/www.practicalteam.com\/wp-content\/uploads\/2015\/06\/ayudas_financiacion_280x188.jpg\",\"width\":280,\"height\":188},{\"@type\":\"BreadcrumbList\",\"@id\":\"https:\/\/www.practicalteam.com\/en\/financing-aid-and-subsidy-search\/#breadcrumb\",\"itemListElement\":[{\"@type\":\"ListItem\",\"position\":1,\"name\":\"Portada\",\"item\":\"https:\/\/www.practicalteam.com\/en\/business-expansion-growth-and-internationalisation\/\"},{\"@type\":\"ListItem\",\"position\":2,\"name\":\"Financing, Aid and Subsidy Search\"}]},{\"@type\":\"WebSite\",\"@id\":\"https:\/\/www.practicalteam.com\/#website\",\"url\":\"https:\/\/www.practicalteam.com\/\",\"name\":\"Practical Team\",\"description\":\"Expansi\u00f3n, crecimiento e internacionalizaci\u00f3n\",\"publisher\":{\"@id\":\"https:\/\/www.practicalteam.com\/#organization\"},\"potentialAction\":[{\"@type\":\"SearchAction\",\"target\":{\"@type\":\"EntryPoint\",\"urlTemplate\":\"https:\/\/www.practicalteam.com\/?s={search_term_string}\"},\"query-input\":{\"@type\":\"PropertyValueSpecification\",\"valueRequired\":true,\"valueName\":\"search_term_string\"}}],\"inLanguage\":\"en-US\"},{\"@type\":\"Organization\",\"@id\":\"https:\/\/www.practicalteam.com\/#organization\",\"name\":\"Practical Team\",\"url\":\"https:\/\/www.practicalteam.com\/\",\"logo\":{\"@type\":\"ImageObject\",\"inLanguage\":\"en-US\",\"@id\":\"https:\/\/www.practicalteam.com\/#\/schema\/logo\/image\/\",\"url\":\"https:\/\/www.practicalteam.com\/wp-content\/uploads\/2023\/07\/Logo-Practical-Team-1200x518-1.png\",\"contentUrl\":\"https:\/\/www.practicalteam.com\/wp-content\/uploads\/2023\/07\/Logo-Practical-Team-1200x518-1.png\",\"width\":1200,\"height\":518,\"caption\":\"Practical Team\"},\"image\":{\"@id\":\"https:\/\/www.practicalteam.com\/#\/schema\/logo\/image\/\"},\"sameAs\":[\"https:\/\/www.linkedin.com\/company\/practical-team\/\"]}]}<\/script>\n<!-- \/ Yoast SEO plugin. -->","yoast_head_json":{"title":"Financing, Aid and Subsidy Search &#8226; Practical Team","description":"Somos especialistas en expansi\u00f3n, crecimiento e internacionalizaci\u00f3n empresarial, apoyando a pymes a expandir sus negocios, trabajando la digitalizaci\u00f3n.","robots":{"index":"index","follow":"follow","max-snippet":"max-snippet:-1","max-image-preview":"max-image-preview:large","max-video-preview":"max-video-preview:-1"},"canonical":"https:\/\/www.practicalteam.com\/en\/financing-aid-and-subsidy-search\/","og_locale":"en_US","og_type":"article","og_title":"Financing, Aid and Subsidy Search &#8226; Practical Team","og_description":"Somos especialistas en expansi\u00f3n, crecimiento e internacionalizaci\u00f3n empresarial, apoyando a pymes a expandir sus negocios, trabajando la digitalizaci\u00f3n.","og_url":"https:\/\/www.practicalteam.com\/en\/financing-aid-and-subsidy-search\/","og_site_name":"Practical Team","article_modified_time":"2023-07-21T10:55:57+00:00","og_image":[{"width":280,"height":188,"url":"https:\/\/www.practicalteam.com\/wp-content\/uploads\/2015\/06\/ayudas_financiacion_280x188.jpg","type":"image\/jpeg"}],"twitter_card":"summary_large_image","twitter_misc":{"Est. reading time":"1 minute"},"schema":{"@context":"https:\/\/schema.org","@graph":[{"@type":"WebPage","@id":"https:\/\/www.practicalteam.com\/en\/financing-aid-and-subsidy-search\/","url":"https:\/\/www.practicalteam.com\/en\/financing-aid-and-subsidy-search\/","name":"Financing, Aid and Subsidy Search &#8226; Practical Team","isPartOf":{"@id":"https:\/\/www.practicalteam.com\/#website"},"primaryImageOfPage":{"@id":"https:\/\/www.practicalteam.com\/en\/financing-aid-and-subsidy-search\/#primaryimage"},"image":{"@id":"https:\/\/www.practicalteam.com\/en\/financing-aid-and-subsidy-search\/#primaryimage"},"thumbnailUrl":"https:\/\/www.practicalteam.com\/wp-content\/uploads\/2015\/06\/ayudas_financiacion_280x188.jpg","datePublished":"2015-06-19T22:30:22+00:00","dateModified":"2023-07-21T10:55:57+00:00","description":"Somos especialistas en expansi\u00f3n, crecimiento e internacionalizaci\u00f3n empresarial, apoyando a pymes a expandir sus negocios, trabajando la digitalizaci\u00f3n.","breadcrumb":{"@id":"https:\/\/www.practicalteam.com\/en\/financing-aid-and-subsidy-search\/#breadcrumb"},"inLanguage":"en-US","potentialAction":[{"@type":"ReadAction","target":["https:\/\/www.practicalteam.com\/en\/financing-aid-and-subsidy-search\/"]}]},{"@type":"ImageObject","inLanguage":"en-US","@id":"https:\/\/www.practicalteam.com\/en\/financing-aid-and-subsidy-search\/#primaryimage","url":"https:\/\/www.practicalteam.com\/wp-content\/uploads\/2015\/06\/ayudas_financiacion_280x188.jpg","contentUrl":"https:\/\/www.practicalteam.com\/wp-content\/uploads\/2015\/06\/ayudas_financiacion_280x188.jpg","width":280,"height":188},{"@type":"BreadcrumbList","@id":"https:\/\/www.practicalteam.com\/en\/financing-aid-and-subsidy-search\/#breadcrumb","itemListElement":[{"@type":"ListItem","position":1,"name":"Portada","item":"https:\/\/www.practicalteam.com\/en\/business-expansion-growth-and-internationalisation\/"},{"@type":"ListItem","position":2,"name":"Financing, Aid and Subsidy Search"}]},{"@type":"WebSite","@id":"https:\/\/www.practicalteam.com\/#website","url":"https:\/\/www.practicalteam.com\/","name":"Practical Team","description":"Expansi\u00f3n, crecimiento e internacionalizaci\u00f3n","publisher":{"@id":"https:\/\/www.practicalteam.com\/#organization"},"potentialAction":[{"@type":"SearchAction","target":{"@type":"EntryPoint","urlTemplate":"https:\/\/www.practicalteam.com\/?s={search_term_string}"},"query-input":{"@type":"PropertyValueSpecification","valueRequired":true,"valueName":"search_term_string"}}],"inLanguage":"en-US"},{"@type":"Organization","@id":"https:\/\/www.practicalteam.com\/#organization","name":"Practical Team","url":"https:\/\/www.practicalteam.com\/","logo":{"@type":"ImageObject","inLanguage":"en-US","@id":"https:\/\/www.practicalteam.com\/#\/schema\/logo\/image\/","url":"https:\/\/www.practicalteam.com\/wp-content\/uploads\/2023\/07\/Logo-Practical-Team-1200x518-1.png","contentUrl":"https:\/\/www.practicalteam.com\/wp-content\/uploads\/2023\/07\/Logo-Practical-Team-1200x518-1.png","width":1200,"height":518,"caption":"Practical Team"},"image":{"@id":"https:\/\/www.practicalteam.com\/#\/schema\/logo\/image\/"},"sameAs":["https:\/\/www.linkedin.com\/company\/practical-team\/"]}]}},"_links":{"self":[{"href":"https:\/\/www.practicalteam.com\/en\/wp-json\/wp\/v2\/pages\/1043","targetHints":{"allow":["GET"]}}],"collection":[{"href":"https:\/\/www.practicalteam.com\/en\/wp-json\/wp\/v2\/pages"}],"about":[{"href":"https:\/\/www.practicalteam.com\/en\/wp-json\/wp\/v2\/types\/page"}],"author":[{"embeddable":true,"href":"https:\/\/www.practicalteam.com\/en\/wp-json\/wp\/v2\/users\/1"}],"replies":[{"embeddable":true,"href":"https:\/\/www.practicalteam.com\/en\/wp-json\/wp\/v2\/comments?post=1043"}],"version-history":[{"count":0,"href":"https:\/\/www.practicalteam.com\/en\/wp-json\/wp\/v2\/pages\/1043\/revisions"}],"wp:featuredmedia":[{"embeddable":true,"href":"https:\/\/www.practicalteam.com\/en\/wp-json\/wp\/v2\/media\/163"}],"wp:attachment":[{"href":"https:\/\/www.practicalteam.com\/en\/wp-json\/wp\/v2\/media?parent=1043"}],"curies":[{"name":"wp","href":"https:\/\/api.w.org\/{rel}","templated":true}]}}