{"id":970,"date":"2015-06-16T16:13:08","date_gmt":"2015-06-16T16:13:08","guid":{"rendered":"https:\/\/www.practicalteam.com\/?page_id=970"},"modified":"2023-08-02T07:34:18","modified_gmt":"2023-08-02T07:34:18","slug":"business-development-in-emerging-markets","status":"publish","type":"page","link":"https:\/\/www.practicalteam.com\/en\/business-development-in-emerging-markets\/","title":{"rendered":"Business Development in Emerging Markets"},"content":{"rendered":"[vc_row type=&#8221;in_container&#8221; full_screen_row_position=&#8221;middle&#8221; column_margin=&#8221;default&#8221; column_direction=&#8221;default&#8221; column_direction_tablet=&#8221;default&#8221; column_direction_phone=&#8221;default&#8221; scene_position=&#8221;center&#8221; text_color=&#8221;dark&#8221; text_align=&#8221;left&#8221; row_border_radius=&#8221;none&#8221; row_border_radius_applies=&#8221;bg&#8221; overflow=&#8221;visible&#8221; overlay_strength=&#8221;0.3&#8243; gradient_direction=&#8221;left_to_right&#8221; shape_divider_position=&#8221;bottom&#8221; bg_image_animation=&#8221;none&#8221;][vc_column column_padding=&#8221;no-extra-padding&#8221; column_padding_tablet=&#8221;inherit&#8221; column_padding_phone=&#8221;inherit&#8221; column_padding_position=&#8221;all&#8221; column_element_direction_desktop=&#8221;default&#8221; column_element_spacing=&#8221;default&#8221; desktop_text_alignment=&#8221;default&#8221; tablet_text_alignment=&#8221;default&#8221; phone_text_alignment=&#8221;default&#8221; background_color_opacity=&#8221;1&#8243; background_hover_color_opacity=&#8221;1&#8243; column_backdrop_filter=&#8221;none&#8221; column_shadow=&#8221;none&#8221; column_border_radius=&#8221;none&#8221; column_link_target=&#8221;_self&#8221; column_position=&#8221;default&#8221; gradient_direction=&#8221;left_to_right&#8221; overlay_strength=&#8221;0.3&#8243; width=&#8221;1\/1&#8243; tablet_width_inherit=&#8221;default&#8221; animation_type=&#8221;default&#8221; bg_image_animation=&#8221;none&#8221; border_type=&#8221;simple&#8221; column_border_width=&#8221;none&#8221; column_border_style=&#8221;solid&#8221;][vc_column_text]\n<h1><span style=\"color: #90ba15;\">Business Development in Emerging Markets<\/span><\/h1>\n<hr \/>\n<p style=\"text-align: justify;\"><a href=\"\/wp-content\/uploads\/2015\/06\/desarrollo_de_negocio_en_mercados_emergentes_244x232.jpg\"><img loading=\"lazy\" decoding=\"async\" class=\"alignright wp-image-217 size-full\" src=\"\/wp-content\/uploads\/2015\/06\/desarrollo_de_negocio_en_mercados_emergentes_244x232.jpg\" alt=\"desarrollo_de_negocio_en_mercados_emergentes_244x232\" width=\"244\" height=\"232\" \/><\/a>The lack of knowledge about a new market, the absence of established relationships and trading experience and the vast amount of resources required, are usually the main reasons for companies to give up their internationalisation process into emerging markets.<\/p>\n<p style=\"text-align: justify;\">Due to this, companies that wish to start exporting, accelerate their internationalisation process or establish themselves in a new emerging market can receive Practical Team\u2019s assistance to do so in the fastest and most effective way.<\/p>\n<p style=\"text-align: justify;\">Companies wishing to export, accelerate their process or establish themselves in these markets will benefit from:<\/p>\n[\/vc_column_text]<div class=\"nectar-fancy-ul\" data-list-icon=\"fa fa-circle\" data-animation=\"false\" data-animation-delay=\"0\" data-color=\"accent-color\" data-spacing=\"default\" data-alignment=\"left\"> \n<ul>\n<li><strong>Support at the source<\/strong>\u00a0<strong>and at the destination.<\/strong><\/li>\n<li><strong>Local market knowledge.<\/strong><\/li>\n<li><strong>Broad experience<\/strong> within business development and internationalization processes<strong>.<\/strong><\/li>\n<li><strong>Strong relationships with local institutions.<\/strong><\/li>\n<li><strong>Compliance with regulations and non-tariff barriers<\/strong> in a quicker and more economical way.<\/li>\n<li><strong>Reduction of the adaptation period<\/strong> to the market and reduction of the opportunity cost due to risks.<\/li>\n<li><strong>Greater flexibility and speed in the internationalization process <\/strong><\/li>\n<\/ul>\n <\/div>[\/vc_column][\/vc_row]\n","protected":false},"excerpt":{"rendered":"<p>[vc_row type=&#8221;in_container&#8221; full_screen_row_position=&#8221;middle&#8221; column_margin=&#8221;default&#8221; column_direction=&#8221;default&#8221; column_direction_tablet=&#8221;default&#8221; column_direction_phone=&#8221;default&#8221; scene_position=&#8221;center&#8221; text_color=&#8221;dark&#8221; text_align=&#8221;left&#8221; row_border_radius=&#8221;none&#8221; row_border_radius_applies=&#8221;bg&#8221; overflow=&#8221;visible&#8221; overlay_strength=&#8221;0.3&#8243; gradient_direction=&#8221;left_to_right&#8221; shape_divider_position=&#8221;bottom&#8221; bg_image_animation=&#8221;none&#8221;][vc_column column_padding=&#8221;no-extra-padding&#8221; column_padding_tablet=&#8221;inherit&#8221; column_padding_phone=&#8221;inherit&#8221; column_padding_position=&#8221;all&#8221; column_element_direction_desktop=&#8221;default&#8221; column_element_spacing=&#8221;default&#8221; desktop_text_alignment=&#8221;default&#8221; tablet_text_alignment=&#8221;default&#8221; phone_text_alignment=&#8221;default&#8221; background_color_opacity=&#8221;1&#8243; background_hover_color_opacity=&#8221;1&#8243; column_backdrop_filter=&#8221;none&#8221; column_shadow=&#8221;none&#8221;&#8230;<\/p>\n","protected":false},"author":1,"featured_media":3854,"parent":0,"menu_order":0,"comment_status":"closed","ping_status":"closed","template":"","meta":{"footnotes":""},"class_list":["post-970","page","type-page","status-publish","has-post-thumbnail"],"yoast_head":"<!-- This site is optimized with the Yoast SEO plugin v26.9 - https:\/\/yoast.com\/product\/yoast-seo-wordpress\/ -->\n<title>Business Development in Emerging Markets &#8226; Practical Team<\/title>\n<meta name=\"description\" content=\"Somos especialistas en expansi\u00f3n, crecimiento e internacionalizaci\u00f3n empresarial, apoyando a pymes a expandir sus negocios, trabajando la digitalizaci\u00f3n.\" \/>\n<meta name=\"robots\" content=\"index, follow, max-snippet:-1, max-image-preview:large, max-video-preview:-1\" \/>\n<link rel=\"canonical\" href=\"https:\/\/www.practicalteam.com\/en\/business-development-in-emerging-markets\/\" \/>\n<meta property=\"og:locale\" content=\"en_US\" \/>\n<meta property=\"og:type\" content=\"article\" \/>\n<meta property=\"og:title\" content=\"Business Development in Emerging Markets &#8226; Practical Team\" \/>\n<meta property=\"og:description\" content=\"Somos especialistas en expansi\u00f3n, crecimiento e internacionalizaci\u00f3n empresarial, apoyando a pymes a expandir sus negocios, trabajando la digitalizaci\u00f3n.\" \/>\n<meta property=\"og:url\" content=\"https:\/\/www.practicalteam.com\/en\/business-development-in-emerging-markets\/\" \/>\n<meta property=\"og:site_name\" content=\"Practical Team\" \/>\n<meta property=\"article:modified_time\" content=\"2023-08-02T07:34:18+00:00\" \/>\n<meta property=\"og:image\" content=\"https:\/\/www.practicalteam.com\/wp-content\/uploads\/2015\/06\/desarrollo_de_negocio_en_mercados_emergentes_244x232.jpg\" \/>\n\t<meta property=\"og:image:width\" content=\"244\" \/>\n\t<meta property=\"og:image:height\" content=\"232\" \/>\n\t<meta property=\"og:image:type\" content=\"image\/jpeg\" \/>\n<meta name=\"twitter:card\" content=\"summary_large_image\" \/>\n<meta name=\"twitter:label1\" content=\"Est. reading time\" \/>\n\t<meta name=\"twitter:data1\" content=\"2 minutes\" \/>\n<script type=\"application\/ld+json\" class=\"yoast-schema-graph\">{\"@context\":\"https:\/\/schema.org\",\"@graph\":[{\"@type\":\"WebPage\",\"@id\":\"https:\/\/www.practicalteam.com\/en\/business-development-in-emerging-markets\/\",\"url\":\"https:\/\/www.practicalteam.com\/en\/business-development-in-emerging-markets\/\",\"name\":\"Business Development in Emerging Markets &#8226; Practical Team\",\"isPartOf\":{\"@id\":\"https:\/\/www.practicalteam.com\/#website\"},\"primaryImageOfPage\":{\"@id\":\"https:\/\/www.practicalteam.com\/en\/business-development-in-emerging-markets\/#primaryimage\"},\"image\":{\"@id\":\"https:\/\/www.practicalteam.com\/en\/business-development-in-emerging-markets\/#primaryimage\"},\"thumbnailUrl\":\"https:\/\/www.practicalteam.com\/wp-content\/uploads\/2015\/06\/desarrollo_de_negocio_en_mercados_emergentes_244x232.jpg\",\"datePublished\":\"2015-06-16T16:13:08+00:00\",\"dateModified\":\"2023-08-02T07:34:18+00:00\",\"description\":\"Somos especialistas en expansi\u00f3n, crecimiento e internacionalizaci\u00f3n empresarial, apoyando a pymes a expandir sus negocios, trabajando la digitalizaci\u00f3n.\",\"breadcrumb\":{\"@id\":\"https:\/\/www.practicalteam.com\/en\/business-development-in-emerging-markets\/#breadcrumb\"},\"inLanguage\":\"en-US\",\"potentialAction\":[{\"@type\":\"ReadAction\",\"target\":[\"https:\/\/www.practicalteam.com\/en\/business-development-in-emerging-markets\/\"]}]},{\"@type\":\"ImageObject\",\"inLanguage\":\"en-US\",\"@id\":\"https:\/\/www.practicalteam.com\/en\/business-development-in-emerging-markets\/#primaryimage\",\"url\":\"https:\/\/www.practicalteam.com\/wp-content\/uploads\/2015\/06\/desarrollo_de_negocio_en_mercados_emergentes_244x232.jpg\",\"contentUrl\":\"https:\/\/www.practicalteam.com\/wp-content\/uploads\/2015\/06\/desarrollo_de_negocio_en_mercados_emergentes_244x232.jpg\",\"width\":244,\"height\":232},{\"@type\":\"BreadcrumbList\",\"@id\":\"https:\/\/www.practicalteam.com\/en\/business-development-in-emerging-markets\/#breadcrumb\",\"itemListElement\":[{\"@type\":\"ListItem\",\"position\":1,\"name\":\"Portada\",\"item\":\"https:\/\/www.practicalteam.com\/en\/business-expansion-growth-and-internationalisation\/\"},{\"@type\":\"ListItem\",\"position\":2,\"name\":\"Business Development in Emerging Markets\"}]},{\"@type\":\"WebSite\",\"@id\":\"https:\/\/www.practicalteam.com\/#website\",\"url\":\"https:\/\/www.practicalteam.com\/\",\"name\":\"Practical Team\",\"description\":\"Expansi\u00f3n, crecimiento e internacionalizaci\u00f3n\",\"publisher\":{\"@id\":\"https:\/\/www.practicalteam.com\/#organization\"},\"potentialAction\":[{\"@type\":\"SearchAction\",\"target\":{\"@type\":\"EntryPoint\",\"urlTemplate\":\"https:\/\/www.practicalteam.com\/?s={search_term_string}\"},\"query-input\":{\"@type\":\"PropertyValueSpecification\",\"valueRequired\":true,\"valueName\":\"search_term_string\"}}],\"inLanguage\":\"en-US\"},{\"@type\":\"Organization\",\"@id\":\"https:\/\/www.practicalteam.com\/#organization\",\"name\":\"Practical Team\",\"url\":\"https:\/\/www.practicalteam.com\/\",\"logo\":{\"@type\":\"ImageObject\",\"inLanguage\":\"en-US\",\"@id\":\"https:\/\/www.practicalteam.com\/#\/schema\/logo\/image\/\",\"url\":\"https:\/\/www.practicalteam.com\/wp-content\/uploads\/2023\/07\/Logo-Practical-Team-1200x518-1.png\",\"contentUrl\":\"https:\/\/www.practicalteam.com\/wp-content\/uploads\/2023\/07\/Logo-Practical-Team-1200x518-1.png\",\"width\":1200,\"height\":518,\"caption\":\"Practical Team\"},\"image\":{\"@id\":\"https:\/\/www.practicalteam.com\/#\/schema\/logo\/image\/\"},\"sameAs\":[\"https:\/\/www.linkedin.com\/company\/practical-team\/\"]}]}<\/script>\n<!-- \/ Yoast SEO plugin. -->","yoast_head_json":{"title":"Business Development in Emerging Markets &#8226; Practical Team","description":"Somos especialistas en expansi\u00f3n, crecimiento e internacionalizaci\u00f3n empresarial, apoyando a pymes a expandir sus negocios, trabajando la digitalizaci\u00f3n.","robots":{"index":"index","follow":"follow","max-snippet":"max-snippet:-1","max-image-preview":"max-image-preview:large","max-video-preview":"max-video-preview:-1"},"canonical":"https:\/\/www.practicalteam.com\/en\/business-development-in-emerging-markets\/","og_locale":"en_US","og_type":"article","og_title":"Business Development in Emerging Markets &#8226; Practical Team","og_description":"Somos especialistas en expansi\u00f3n, crecimiento e internacionalizaci\u00f3n empresarial, apoyando a pymes a expandir sus negocios, trabajando la digitalizaci\u00f3n.","og_url":"https:\/\/www.practicalteam.com\/en\/business-development-in-emerging-markets\/","og_site_name":"Practical Team","article_modified_time":"2023-08-02T07:34:18+00:00","og_image":[{"width":244,"height":232,"url":"https:\/\/www.practicalteam.com\/wp-content\/uploads\/2015\/06\/desarrollo_de_negocio_en_mercados_emergentes_244x232.jpg","type":"image\/jpeg"}],"twitter_card":"summary_large_image","twitter_misc":{"Est. reading time":"2 minutes"},"schema":{"@context":"https:\/\/schema.org","@graph":[{"@type":"WebPage","@id":"https:\/\/www.practicalteam.com\/en\/business-development-in-emerging-markets\/","url":"https:\/\/www.practicalteam.com\/en\/business-development-in-emerging-markets\/","name":"Business Development in Emerging Markets &#8226; Practical Team","isPartOf":{"@id":"https:\/\/www.practicalteam.com\/#website"},"primaryImageOfPage":{"@id":"https:\/\/www.practicalteam.com\/en\/business-development-in-emerging-markets\/#primaryimage"},"image":{"@id":"https:\/\/www.practicalteam.com\/en\/business-development-in-emerging-markets\/#primaryimage"},"thumbnailUrl":"https:\/\/www.practicalteam.com\/wp-content\/uploads\/2015\/06\/desarrollo_de_negocio_en_mercados_emergentes_244x232.jpg","datePublished":"2015-06-16T16:13:08+00:00","dateModified":"2023-08-02T07:34:18+00:00","description":"Somos especialistas en expansi\u00f3n, crecimiento e internacionalizaci\u00f3n empresarial, apoyando a pymes a expandir sus negocios, trabajando la digitalizaci\u00f3n.","breadcrumb":{"@id":"https:\/\/www.practicalteam.com\/en\/business-development-in-emerging-markets\/#breadcrumb"},"inLanguage":"en-US","potentialAction":[{"@type":"ReadAction","target":["https:\/\/www.practicalteam.com\/en\/business-development-in-emerging-markets\/"]}]},{"@type":"ImageObject","inLanguage":"en-US","@id":"https:\/\/www.practicalteam.com\/en\/business-development-in-emerging-markets\/#primaryimage","url":"https:\/\/www.practicalteam.com\/wp-content\/uploads\/2015\/06\/desarrollo_de_negocio_en_mercados_emergentes_244x232.jpg","contentUrl":"https:\/\/www.practicalteam.com\/wp-content\/uploads\/2015\/06\/desarrollo_de_negocio_en_mercados_emergentes_244x232.jpg","width":244,"height":232},{"@type":"BreadcrumbList","@id":"https:\/\/www.practicalteam.com\/en\/business-development-in-emerging-markets\/#breadcrumb","itemListElement":[{"@type":"ListItem","position":1,"name":"Portada","item":"https:\/\/www.practicalteam.com\/en\/business-expansion-growth-and-internationalisation\/"},{"@type":"ListItem","position":2,"name":"Business Development in Emerging Markets"}]},{"@type":"WebSite","@id":"https:\/\/www.practicalteam.com\/#website","url":"https:\/\/www.practicalteam.com\/","name":"Practical Team","description":"Expansi\u00f3n, crecimiento e internacionalizaci\u00f3n","publisher":{"@id":"https:\/\/www.practicalteam.com\/#organization"},"potentialAction":[{"@type":"SearchAction","target":{"@type":"EntryPoint","urlTemplate":"https:\/\/www.practicalteam.com\/?s={search_term_string}"},"query-input":{"@type":"PropertyValueSpecification","valueRequired":true,"valueName":"search_term_string"}}],"inLanguage":"en-US"},{"@type":"Organization","@id":"https:\/\/www.practicalteam.com\/#organization","name":"Practical Team","url":"https:\/\/www.practicalteam.com\/","logo":{"@type":"ImageObject","inLanguage":"en-US","@id":"https:\/\/www.practicalteam.com\/#\/schema\/logo\/image\/","url":"https:\/\/www.practicalteam.com\/wp-content\/uploads\/2023\/07\/Logo-Practical-Team-1200x518-1.png","contentUrl":"https:\/\/www.practicalteam.com\/wp-content\/uploads\/2023\/07\/Logo-Practical-Team-1200x518-1.png","width":1200,"height":518,"caption":"Practical Team"},"image":{"@id":"https:\/\/www.practicalteam.com\/#\/schema\/logo\/image\/"},"sameAs":["https:\/\/www.linkedin.com\/company\/practical-team\/"]}]}},"_links":{"self":[{"href":"https:\/\/www.practicalteam.com\/en\/wp-json\/wp\/v2\/pages\/970","targetHints":{"allow":["GET"]}}],"collection":[{"href":"https:\/\/www.practicalteam.com\/en\/wp-json\/wp\/v2\/pages"}],"about":[{"href":"https:\/\/www.practicalteam.com\/en\/wp-json\/wp\/v2\/types\/page"}],"author":[{"embeddable":true,"href":"https:\/\/www.practicalteam.com\/en\/wp-json\/wp\/v2\/users\/1"}],"replies":[{"embeddable":true,"href":"https:\/\/www.practicalteam.com\/en\/wp-json\/wp\/v2\/comments?post=970"}],"version-history":[{"count":2,"href":"https:\/\/www.practicalteam.com\/en\/wp-json\/wp\/v2\/pages\/970\/revisions"}],"predecessor-version":[{"id":7939,"href":"https:\/\/www.practicalteam.com\/en\/wp-json\/wp\/v2\/pages\/970\/revisions\/7939"}],"wp:featuredmedia":[{"embeddable":true,"href":"https:\/\/www.practicalteam.com\/en\/wp-json\/wp\/v2\/media\/3854"}],"wp:attachment":[{"href":"https:\/\/www.practicalteam.com\/en\/wp-json\/wp\/v2\/media?parent=970"}],"curies":[{"name":"wp","href":"https:\/\/api.w.org\/{rel}","templated":true}]}}